{"id":417,"date":"2024-06-05T17:02:55","date_gmt":"2024-06-05T17:02:55","guid":{"rendered":"http:\/\/sshg-180grad.de\/?page_id=417"},"modified":"2024-06-24T18:10:11","modified_gmt":"2024-06-24T18:10:11","slug":"impressum-2","status":"publish","type":"page","link":"http:\/\/sshg-180grad.de\/?page_id=417","title":{"rendered":"Impressum"},"content":{"rendered":"\n<div class=\"wp-block-group is-layout-constrained wp-block-group-is-layout-constrained\">\n<h1 class=\"wp-block-heading has-text-align-center\">Impressum<\/h1>\n\n\n\n<h4 class=\"wp-block-heading has-text-align-center\">Administrator\/Webmaster<\/h4>\n\n\n\n<p class=\"has-text-align-center\"><span style=\"color: #000000;\">Steffen Tandel<\/span><br>\n<span style=\"color: #000000;\">Rosenweg.45<\/span><br>\n<span style=\"color: #000000;\">04821 Brandis<\/span><\/p>\n\n\n\n<h2 class=\"wp-block-heading has-text-align-center\">Kontakt<\/h2>\n\n\n\n<p class=\"has-text-align-center\"><span style=\"color: #000000;\">Telefon: +49 (0) 15560242585<\/span><br>\n<span style=\"color: #000000;\">E-Mail: Administrator@sshg-180grad.de<\/span><\/p>\n\n\n\n<h4 class=\"wp-block-heading has-text-align-center\">Co-Administrator\/Forum-Leiter<\/h4>\n\n\n\n<p class=\"has-text-align-center\"><span style=\"color: #000000;\">Lifeline<\/span><br> <span style=\"color: #000000;\">E-Mail: lifeline@sshg-180grad.de<\/span><\/p>\n<\/div>\n\n\n\n<div class=\"wp-block-group is-layout-constrained wp-block-group-is-layout-constrained\">\n<h5 class=\"wp-block-heading has-text-align-center\">Haftungsausschluss:<\/h5>\n\n\n\n<h6 class=\"wp-block-heading has-text-align-center\"><strong>Haftung f\u00fcr Inhalte<\/strong><\/h6>\n\n\n\n<p>Die Inhalte unserer Seiten wurden mit gr\u00f6\u00dfter Sorgfalt erstellt. F\u00fcr die Richtigkeit, Vollst\u00e4ndigkeit und Aktualit\u00e4t der Inhalte k\u00f6nnen wir jedoch keine Gew\u00e4hr \u00fcbernehmen. Als Diensteanbieter sind wir gem\u00e4\u00df \u00a7 7 Abs.1 TMG f\u00fcr eigene Inhalte auf diesen Seiten nach den allgemeinen Gesetzen verantwortlich. Nach \u00a7\u00a7 8 bis 10 TMG sind wir als Diensteanbieter jedoch nicht verpflichtet, \u00fcbermittelte oder gespeicherte fremde Informationen zu \u00fcberwachen oder nach Umst\u00e4nden zu forschen, die auf eine rechtswidrige T\u00e4tigkeit hinweisen. Verpflichtungen zur Entfernung oder Sperrung der Nutzung von Informationen nach den allgemeinen Gesetzen bleiben hiervon unber\u00fchrt. Eine diesbez\u00fcgliche Haftung ist jedoch erst ab dem Zeitpunkt der Kenntnis einer konkreten Rechtsverletzung m\u00f6glich. Bei Bekanntwerden von entsprechenden Rechtsverletzungen werden wir diese Inhalte umgehend entfernen.<\/p>\n\n\n\n<h6 class=\"wp-block-heading\"><strong>Haftung f\u00fcr Links<\/strong><\/h6>\n\n\n\n<p>Die Website kann lizenzierte Inhalte Dritter und\/oder Hyperlinks auf ganze oder einzelne Webseiten Dritter enthalten. Der Anbieter ist nur f\u00fcr eigene Inhalte auf diesen Seiten nach den allgemeinen Gesetzen verantwortlich, \u00fcbernimmt jedoch f\u00fcr die Inhalte Dritter oder Inhalte der so verlinkten Webseiten weder eine Verantwortung noch macht der Anbieter sich diese Webseiten und ihre Inhalte zu Eigen. Verlinkte Seiten wurden zum Zeitpunkt der Verlinkung auf m\u00f6gliche Rechtsverst\u00f6\u00dfe \u00fcberpr\u00fcft, Rechtsverst\u00f6\u00dfe waren zum Zeitpunkt der Verlinkung nicht erkennbar. Der Anbieter ist nicht verpflichtet, \u00fcbermittelte oder gespeicherte Informationen Dritter zu \u00fcberwachen oder eine Pr\u00fcfung vorzunehmen, ob rechtswidrige Handlungen, Hyperlinks oder Inhalte vorliegen. Denn eine permanente inhaltliche Kontrolle der verlinkten Seiten ist jedoch ohne konkrete Anhaltspunkte einer Rechtsverletzung nicht zumutbar. Die Nutzung von Inhalten Dritter erfolgt daher auf eigenes Risiko des Nutzers. Werden uns \u00fcber Mitteilungen oder in sonstiger Weise Rechtsverletzungen bekannt oder sind wir nach den allgemeinen Gesetzen zur Entfernung oder Sperrung der Nutzung von Informationen verpflichtet, werden wir diese Inhalte und\/oder Verlinkungen umgehend entfernen.<\/p>\n\n\n\n<h6 class=\"wp-block-heading\"><strong>Urheberrecht<\/strong><\/h6>\n\n\n\n<p>Die durch die Seitenbetreiber erstellten Inhalte und Werke auf diesen Seiten unterliegen dem deutschen Urheberrecht. Die Vervielf\u00e4ltigung, Bearbeitung, Verbreitung und jede Art der Verwertung au\u00dferhalb der Grenzen des Urheberrechtes bed\u00fcrfen der schriftlichen Zustimmung des jeweiligen Autors bzw. Erstellers. Downloads und Kopien dieser Seite sind nur f\u00fcr den privaten, nicht kommerziellen Gebrauch gestattet. Soweit die Inhalte auf dieser Seite nicht vom Betreiber erstellt wurden, werden die Urheberrechte Dritter beachtet. Insbesondere werden Inhalte Dritter als solche gekennzeichnet. Sollten Sie trotzdem auf eine Urheberrechtsverletzung aufmerksam werden, bitten wir um einen entsprechenden Hinweis. Bei Bekanntwerden von Rechtsverletzungen werden wir derartige Inhalte umgehend entfernen.<\/p>\n<\/div>\n\n\n\n<figure class=\"wp-block-image size-large\"><img loading=\"lazy\" decoding=\"async\" width=\"1024\" height=\"633\" src=\"http:\/\/sshg-180grad.de\/wp-content\/uploads\/2024\/06\/dimanten_werkstatt_02a-1024x633.png\" alt=\"\" class=\"wp-image-712\" srcset=\"http:\/\/sshg-180grad.de\/wp-content\/uploads\/2024\/06\/dimanten_werkstatt_02a-1024x633.png 1024w, http:\/\/sshg-180grad.de\/wp-content\/uploads\/2024\/06\/dimanten_werkstatt_02a-300x186.png 300w, http:\/\/sshg-180grad.de\/wp-content\/uploads\/2024\/06\/dimanten_werkstatt_02a-768x475.png 768w, http:\/\/sshg-180grad.de\/wp-content\/uploads\/2024\/06\/dimanten_werkstatt_02a.png 1172w\" sizes=\"auto, (max-width: 1024px) 100vw, 1024px\" \/><\/figure>\n","protected":false},"excerpt":{"rendered":"<p>Impressum Administrator\/Webmaster Steffen Tandel Rosenweg.45 04821 Brandis Kontakt Telefon: +49 (0) 15560242585 E-Mail: Administrator@sshg-180grad.de Co-Administrator\/Forum-Leiter Lifeline E-Mail: lifeline@sshg-180grad.de Haftungsausschluss: Haftung f\u00fcr Inhalte Die Inhalte unserer Seiten wurden mit gr\u00f6\u00dfter Sorgfalt erstellt. F\u00fcr die Richtigkeit, Vollst\u00e4ndigkeit und Aktualit\u00e4t der Inhalte k\u00f6nnen wir jedoch keine Gew\u00e4hr \u00fcbernehmen. Als Diensteanbieter sind wir gem\u00e4\u00df \u00a7 7 Abs.1 TMG f\u00fcr&#8230;<\/p>\n","protected":false},"author":1,"featured_media":0,"parent":0,"menu_order":0,"comment_status":"closed","ping_status":"closed","template":"","meta":{"footnotes":""},"class_list":["post-417","page","type-page","status-publish","hentry"],"_links":{"self":[{"href":"http:\/\/sshg-180grad.de\/index.php?rest_route=\/wp\/v2\/pages\/417","targetHints":{"allow":["GET"]}}],"collection":[{"href":"http:\/\/sshg-180grad.de\/index.php?rest_route=\/wp\/v2\/pages"}],"about":[{"href":"http:\/\/sshg-180grad.de\/index.php?rest_route=\/wp\/v2\/types\/page"}],"author":[{"embeddable":true,"href":"http:\/\/sshg-180grad.de\/index.php?rest_route=\/wp\/v2\/users\/1"}],"replies":[{"embeddable":true,"href":"http:\/\/sshg-180grad.de\/index.php?rest_route=%2Fwp%2Fv2%2Fcomments&post=417"}],"version-history":[{"count":26,"href":"http:\/\/sshg-180grad.de\/index.php?rest_route=\/wp\/v2\/pages\/417\/revisions"}],"predecessor-version":[{"id":909,"href":"http:\/\/sshg-180grad.de\/index.php?rest_route=\/wp\/v2\/pages\/417\/revisions\/909"}],"wp:attachment":[{"href":"http:\/\/sshg-180grad.de\/index.php?rest_route=%2Fwp%2Fv2%2Fmedia&parent=417"}],"curies":[{"name":"wp","href":"https:\/\/api.w.org\/{rel}","templated":true}]}}